{"id":11,"date":"2023-04-10T19:00:46","date_gmt":"2023-04-10T17:00:46","guid":{"rendered":"https:\/\/valucem.cz\/?page_id=11"},"modified":"2026-04-08T09:47:22","modified_gmt":"2026-04-08T07:47:22","slug":"homepage","status":"publish","type":"page","link":"https:\/\/valucem.cz\/en\/","title":{"rendered":"Homepage"},"content":{"rendered":"<p>Valucem je obchodn\u00ed n\u00e1zev unik\u00e1tn\u00ed vysokohodnotn\u00fd beton ozna\u010dovan\u00e9ho jako UHPC tj.&nbsp;Ultra High Performance Concrete. Jde o&nbsp;vysokopevnostn\u00ed kompozit na b\u00e1zi cementu v\u00fdhradn\u011b dod\u00e1van\u00e9ho v&nbsp;such\u00e9 sm\u011bsi. Vlastnosti materi\u00e1lu umo\u017e\u0148uj\u00ed realizaci unik\u00e1tn\u00edch prvk\u016f a&nbsp;konstrukc\u00ed. Spole\u010dnost PREMIX servis&nbsp;s.r.o., jako v\u00fdrobce a&nbsp;dodavatel tohoto vysokopevnostn\u00edho vl\u00e1knocementov\u00e9ho kompozitu, m\u00e1 s&nbsp;realizacemi a&nbsp;vyu\u017eit\u00edm Valucemu bohat\u00e9 zku\u0161enosti.<\/p>\n\n\n\n<p>Spole\u010dnost PREMIX servis,&nbsp;s.r.o. je \u010desk\u00fd v\u00fdrobce speci\u00e1ln\u00edch druh\u016f such\u00fdch malt (premixservis.cz) a&nbsp;jedin\u00fdm v\u00fdrobcem such\u00e9 sm\u011bsi vysokohodnotn\u00e9ho betonu v&nbsp;\u010cR. Vysokopevnostn\u00ed kompozit na b\u00e1zi cementu.<\/p>\n\n\n\n<p>V\u00fdroba speci\u00e1ln\u00edch druh\u016f such\u00fdch malt a&nbsp;produkt\u016f stavebn\u00ed chemie m\u00e1 na tuzemsk\u00e9m trhu v\u00edce ne\u017e dvacetiletou historii. Spole\u010dnost vyr\u00e1b\u00ed sana\u010dn\u00ed om\u00edtkov\u00e9 syst\u00e9my na vlhk\u00e9 zdivo, ucelenou \u0159adu hmot pro profesion\u00e1ln\u00ed sanace betonov\u00fdch konstrukc\u00ed. V\u00e1penn\u00e9 om\u00edtky a&nbsp;malty pro obnovu pam\u00e1tkov\u00fdch objekt\u016f a&nbsp;tradi\u010dn\u00edch fas\u00e1d, hmoty pro sp\u00e1rov\u00e1n\u00ed kamene, hydroizola\u010dn\u00ed st\u011brky a&nbsp;dal\u0161\u00ed produkty. V\u00fdrobky jsou  pro \u0161irok\u00fd okruh technologi\u00ed v&nbsp;oblasti rekonstrukc\u00ed staveb.<\/p>\n\n\n\n<p>Od roku 2020 je spole\u010dnost jedin\u00fdch v\u00fdrobcem a&nbsp;dodavatelem such\u00e9 sm\u011bsi unik\u00e1tn\u00ed vysokohodnotn\u00fd beton v&nbsp;\u010cesk\u00e9 republice. Pod obchodn\u00ed zna\u010dkou Valucem je such\u00e1 sm\u011bs v&nbsp;\u0161ed\u00e9 i&nbsp;b\u00edl\u00e9 variant\u011b odb\u011bratel\u016fm. Kte\u0159\u00ed jej vyu\u017e\u00edvaj\u00ed pro r\u016fzn\u00e9 aplikace, nap\u0159.&nbsp;pro v\u00fdrobu mostn\u00edch prefabrikovan\u00fdch d\u00edlc\u016f, tvarov\u00e9 odl\u00e9v\u00e1n\u00ed a&nbsp;3D&nbsp;tisk. Material lze pomoc\u00ed barevn\u00fdch pigment\u016f t\u00f3novat do voliteln\u00fdch odst\u00edn\u016f.<\/p>\n\n\n\n<p>Bridges of small to medium span, bridge segments, prestressed bridge girders, reinforcement of horizontal and vertical load-bearing frames, facade features, facing slabs, monolithic thin-wall constructions, street furniture (such as benches and rubbish bins), architectural and design work (statues, sculptures).<\/p>\n\n\n\n<p><strong>PREMIX servis,&nbsp;spol.&nbsp;s.r.o.<\/strong><br>S\u00eddlo: Evropsk\u00e1 516\/10 | 160&nbsp;00 Praha&nbsp;6 &#8211; Dejvice<br>Provozovna: M\u011blnick\u00e1&nbsp;1\/110 | 277&nbsp;11&nbsp;Libi\u0161<br>I\u010cP: 1015367381<br>I\u010c: 64946096 | DI\u010c: CZ64946096<\/p>\n\n\n\n<p><strong><a href=\"https:\/\/www.premixservis.cz\/prohlaseni-o-ochraneosobnich-udaju\/\">Ochrana osobn\u00edch \u00fadaj\u016f<\/a><\/strong><\/p>\n\n\n\n<p><strong><a href=\"https:\/\/www.premixservis.cz\/vseobecne-obchodni-podminkypro-prodej-stavebniho-materialu\/\">Obchodn\u00ed podm\u00ednky<\/a>&nbsp;|&nbsp;<a href=\"https:\/\/www.premixservis.cz\/\">Cookies<\/a><\/strong><\/p>\n\n\n\n<figure class=\"wp-block-image\"><a href=\"https:\/\/www.instagram.com\/premix_servis\/\" target=\"_blank\" rel=\"noreferrer noopener\"><img decoding=\"async\" src=\"https:\/\/www.premixservis.cz\/img\/instagram-logo.png\" alt=\"Instagram icon\" class=\"img-fluid\"\/><\/a><\/figure>\n\n\n\n<figure class=\"wp-block-image\"><a href=\"https:\/\/www.facebook.com\/p\/Premix-servis-61550592494404\/\" target=\"_blank\" rel=\"noreferrer noopener\"><img decoding=\"async\" src=\"https:\/\/www.premixservis.cz\/img\/facebook-logo.png\" alt=\"Facebook icon\" class=\"img-fluid\"\/><\/a><\/figure>\n\n\n\n<p><strong>Pot\u0159ebujete pomoct?<\/strong><br><a href=\"tel: 420 603 418 267\">+420 603 418 267<\/a><br><a href=\"mailto:info@premixservis.cz\">info@premixservis.cz<\/a><\/p>\n\n\n\n<p><\/p>","protected":false},"excerpt":{"rendered":"<p>Valucem je obchodn\u00ed n\u00e1zev unik\u00e1tn\u00ed vysokohodnotn\u00fd beton ozna\u010dovan\u00e9ho jako UHPC tj.&nbsp;Ultra High Performance Concrete. Jde o&nbsp;vysokopevnostn\u00ed&#8230;<\/p>","protected":false},"author":1,"featured_media":0,"parent":0,"menu_order":0,"comment_status":"closed","ping_status":"closed","template":"","meta":{"_acf_changed":false,"footnotes":""},"class_list":["post-11","page","type-page","status-publish","hentry","no-thumbnail"],"acf":[],"yoast_head":"<!-- This site is optimized with the Yoast SEO Premium plugin v27.2 (Yoast SEO v27.2) - https:\/\/yoast.com\/product\/yoast-seo-premium-wordpress\/ -->\n<title>Unik\u00e1tn\u00ed vysokohodnotn\u00fd beton: v\u00fdhody pou\u017eit\u00ed - Valucem<\/title>\n<meta name=\"description\" content=\"Vysokopevnostn\u00ed beton (UHPC) Valucem p\u0159in\u00e1\u0161\u00ed revolu\u010dn\u00ed \u0159e\u0161en\u00ed pro modern\u00ed stavebnictv\u00ed. Poznejte jeho v\u00fdhody a mo\u017enosti vyu\u017eit\u00ed.\" \/>\n<meta name=\"robots\" content=\"index, follow, max-snippet:-1, max-image-preview:large, max-video-preview:-1\" \/>\n<link rel=\"canonical\" href=\"https:\/\/valucem.cz\/en\/\" \/>\n<meta property=\"og:locale\" content=\"en_US\" \/>\n<meta property=\"og:type\" content=\"article\" \/>\n<meta property=\"og:title\" content=\"Unik\u00e1tn\u00ed vysokohodnotn\u00fd beton a jeho vyu\u017eit\u00ed\" \/>\n<meta property=\"og:description\" content=\"Valucem\" \/>\n<meta property=\"og:url\" content=\"https:\/\/valucem.cz\/en\/\" \/>\n<meta property=\"og:site_name\" content=\"Valucem\" \/>\n<meta property=\"article:publisher\" content=\"https:\/\/www.facebook.com\/people\/Premix-servis\/61550592494404\/\" \/>\n<meta property=\"article:modified_time\" content=\"2026-04-08T07:47:22+00:00\" \/>\n<meta property=\"og:image\" content=\"https:\/\/www.premixservis.cz\/img\/instagram-logo.png\" \/>\n<meta name=\"twitter:card\" content=\"summary_large_image\" \/>\n<meta name=\"twitter:title\" content=\"Homepage\" \/>\n<meta name=\"twitter:description\" content=\"Homepage Valucem\" \/>\n<meta name=\"twitter:label1\" content=\"Est. reading time\" \/>\n\t<meta name=\"twitter:data1\" content=\"2 minutes\" \/>\n<script type=\"application\/ld+json\" class=\"yoast-schema-graph\">{\"@context\":\"https:\/\/schema.org\",\"@graph\":[{\"@type\":\"WebPage\",\"@id\":\"https:\/\/valucem.cz\/\",\"url\":\"https:\/\/valucem.cz\/\",\"name\":\"Unik\u00e1tn\u00ed vysokohodnotn\u00fd beton: v\u00fdhody pou\u017eit\u00ed - Valucem\",\"isPartOf\":{\"@id\":\"https:\/\/valucem.cz\/#website\"},\"primaryImageOfPage\":{\"@id\":\"https:\/\/valucem.cz\/#primaryimage\"},\"image\":{\"@id\":\"https:\/\/valucem.cz\/#primaryimage\"},\"thumbnailUrl\":\"https:\/\/www.premixservis.cz\/img\/instagram-logo.png\",\"datePublished\":\"2023-04-10T17:00:46+00:00\",\"dateModified\":\"2026-04-08T07:47:22+00:00\",\"description\":\"Vysokopevnostn\u00ed beton (UHPC) Valucem p\u0159in\u00e1\u0161\u00ed revolu\u010dn\u00ed \u0159e\u0161en\u00ed pro modern\u00ed stavebnictv\u00ed. Poznejte jeho v\u00fdhody a mo\u017enosti vyu\u017eit\u00ed.\",\"breadcrumb\":{\"@id\":\"https:\/\/valucem.cz\/#breadcrumb\"},\"inLanguage\":\"en-US\",\"potentialAction\":[{\"@type\":\"ReadAction\",\"target\":[\"https:\/\/valucem.cz\/\"]}]},{\"@type\":\"ImageObject\",\"inLanguage\":\"en-US\",\"@id\":\"https:\/\/valucem.cz\/#primaryimage\",\"url\":\"https:\/\/www.premixservis.cz\/img\/instagram-logo.png\",\"contentUrl\":\"https:\/\/www.premixservis.cz\/img\/instagram-logo.png\"},{\"@type\":\"BreadcrumbList\",\"@id\":\"https:\/\/valucem.cz\/#breadcrumb\",\"itemListElement\":[{\"@type\":\"ListItem\",\"position\":1,\"name\":\"Dom\u016f\",\"item\":\"https:\/\/valucem.cz\/\"},{\"@type\":\"ListItem\",\"position\":2,\"name\":\"Homepage\"}]},{\"@type\":\"WebSite\",\"@id\":\"https:\/\/valucem.cz\/#website\",\"url\":\"https:\/\/valucem.cz\/\",\"name\":\"Valucem\",\"description\":\"Unik\u00e1tn\u00ed vysokohodnotn\u00fd betonu UHPC - Ultra High Performance Concrete | Valucem\",\"publisher\":{\"@id\":\"https:\/\/valucem.cz\/#organization\"},\"alternateName\":\"Valucem\",\"potentialAction\":[{\"@type\":\"SearchAction\",\"target\":{\"@type\":\"EntryPoint\",\"urlTemplate\":\"https:\/\/valucem.cz\/?s={search_term_string}\"},\"query-input\":{\"@type\":\"PropertyValueSpecification\",\"valueRequired\":true,\"valueName\":\"search_term_string\"}}],\"inLanguage\":\"en-US\"},{\"@type\":\"Organization\",\"@id\":\"https:\/\/valucem.cz\/#organization\",\"name\":\"PREMIX servis, spol. s r.o.\",\"url\":\"https:\/\/valucem.cz\/\",\"logo\":{\"@type\":\"ImageObject\",\"inLanguage\":\"en-US\",\"@id\":\"https:\/\/valucem.cz\/#\/schema\/logo\/image\/\",\"url\":\"https:\/\/valucem.cz\/wp-content\/uploads\/2026\/03\/Snimek-obrazovky-2025-04-08-115655.png\",\"contentUrl\":\"https:\/\/valucem.cz\/wp-content\/uploads\/2026\/03\/Snimek-obrazovky-2025-04-08-115655.png\",\"width\":266,\"height\":241,\"caption\":\"PREMIX servis, spol. s r.o.\"},\"image\":{\"@id\":\"https:\/\/valucem.cz\/#\/schema\/logo\/image\/\"},\"sameAs\":[\"https:\/\/www.facebook.com\/people\/Premix-servis\/61550592494404\/\",\"https:\/\/www.instagram.com\/premix_servis\/\",\"https:\/\/www.linkedin.com\/company\/premix-servis\/\"],\"description\":\"Spole\u010dnost PREMIX servis, kter\u00e1 na \u010desk\u00e9m trhu p\u016fsob\u00ed skoro t\u0159icet let, je v\u00fdrobcem such\u00fdch maltov\u00fdch sm\u011bs\u00ed a stavebn\u00ed chemie.\",\"email\":\"info@premixservis.cz\",\"telephone\":\"+420 603 418 267\",\"legalName\":\"PREMIX servis, spol. s r.o.\",\"foundingDate\":\"1996-01-24\",\"vatID\":\"CZ64946096\",\"taxID\":\"64946096\",\"numberOfEmployees\":{\"@type\":\"QuantitativeValue\",\"minValue\":\"1\",\"maxValue\":\"10\"}}]}<\/script>\n<!-- \/ Yoast SEO Premium plugin. -->","yoast_head_json":{"title":"Unik\u00e1tn\u00ed vysokohodnotn\u00fd beton: v\u00fdhody pou\u017eit\u00ed - Valucem","description":"Vysokopevnostn\u00ed beton (UHPC) Valucem p\u0159in\u00e1\u0161\u00ed revolu\u010dn\u00ed \u0159e\u0161en\u00ed pro modern\u00ed stavebnictv\u00ed. Poznejte jeho v\u00fdhody a mo\u017enosti vyu\u017eit\u00ed.","robots":{"index":"index","follow":"follow","max-snippet":"max-snippet:-1","max-image-preview":"max-image-preview:large","max-video-preview":"max-video-preview:-1"},"canonical":"https:\/\/valucem.cz\/en\/","og_locale":"en_US","og_type":"article","og_title":"Unik\u00e1tn\u00ed vysokohodnotn\u00fd beton a jeho vyu\u017eit\u00ed","og_description":"Valucem","og_url":"https:\/\/valucem.cz\/en\/","og_site_name":"Valucem","article_publisher":"https:\/\/www.facebook.com\/people\/Premix-servis\/61550592494404\/","article_modified_time":"2026-04-08T07:47:22+00:00","og_image":[{"url":"https:\/\/www.premixservis.cz\/img\/instagram-logo.png","type":"","width":"","height":""}],"twitter_card":"summary_large_image","twitter_title":"Homepage","twitter_description":"Homepage Valucem","twitter_misc":{"Est. reading time":"2 minutes"},"schema":{"@context":"https:\/\/schema.org","@graph":[{"@type":"WebPage","@id":"https:\/\/valucem.cz\/","url":"https:\/\/valucem.cz\/","name":"Unik\u00e1tn\u00ed vysokohodnotn\u00fd beton: v\u00fdhody pou\u017eit\u00ed - Valucem","isPartOf":{"@id":"https:\/\/valucem.cz\/#website"},"primaryImageOfPage":{"@id":"https:\/\/valucem.cz\/#primaryimage"},"image":{"@id":"https:\/\/valucem.cz\/#primaryimage"},"thumbnailUrl":"https:\/\/www.premixservis.cz\/img\/instagram-logo.png","datePublished":"2023-04-10T17:00:46+00:00","dateModified":"2026-04-08T07:47:22+00:00","description":"Vysokopevnostn\u00ed beton (UHPC) Valucem p\u0159in\u00e1\u0161\u00ed revolu\u010dn\u00ed \u0159e\u0161en\u00ed pro modern\u00ed stavebnictv\u00ed. Poznejte jeho v\u00fdhody a mo\u017enosti vyu\u017eit\u00ed.","breadcrumb":{"@id":"https:\/\/valucem.cz\/#breadcrumb"},"inLanguage":"en-US","potentialAction":[{"@type":"ReadAction","target":["https:\/\/valucem.cz\/"]}]},{"@type":"ImageObject","inLanguage":"en-US","@id":"https:\/\/valucem.cz\/#primaryimage","url":"https:\/\/www.premixservis.cz\/img\/instagram-logo.png","contentUrl":"https:\/\/www.premixservis.cz\/img\/instagram-logo.png"},{"@type":"BreadcrumbList","@id":"https:\/\/valucem.cz\/#breadcrumb","itemListElement":[{"@type":"ListItem","position":1,"name":"Dom\u016f","item":"https:\/\/valucem.cz\/"},{"@type":"ListItem","position":2,"name":"Homepage"}]},{"@type":"WebSite","@id":"https:\/\/valucem.cz\/#website","url":"https:\/\/valucem.cz\/","name":"Valucem","description":"Unik\u00e1tn\u00ed vysokohodnotn\u00fd betonu UHPC - Ultra High Performance Concrete | Valucem","publisher":{"@id":"https:\/\/valucem.cz\/#organization"},"alternateName":"Valucem","potentialAction":[{"@type":"SearchAction","target":{"@type":"EntryPoint","urlTemplate":"https:\/\/valucem.cz\/?s={search_term_string}"},"query-input":{"@type":"PropertyValueSpecification","valueRequired":true,"valueName":"search_term_string"}}],"inLanguage":"en-US"},{"@type":"Organization","@id":"https:\/\/valucem.cz\/#organization","name":"PREMIX servis, spol. s r.o.","url":"https:\/\/valucem.cz\/","logo":{"@type":"ImageObject","inLanguage":"en-US","@id":"https:\/\/valucem.cz\/#\/schema\/logo\/image\/","url":"https:\/\/valucem.cz\/wp-content\/uploads\/2026\/03\/Snimek-obrazovky-2025-04-08-115655.png","contentUrl":"https:\/\/valucem.cz\/wp-content\/uploads\/2026\/03\/Snimek-obrazovky-2025-04-08-115655.png","width":266,"height":241,"caption":"PREMIX servis, spol. s r.o."},"image":{"@id":"https:\/\/valucem.cz\/#\/schema\/logo\/image\/"},"sameAs":["https:\/\/www.facebook.com\/people\/Premix-servis\/61550592494404\/","https:\/\/www.instagram.com\/premix_servis\/","https:\/\/www.linkedin.com\/company\/premix-servis\/"],"description":"Spole\u010dnost PREMIX servis, kter\u00e1 na \u010desk\u00e9m trhu p\u016fsob\u00ed skoro t\u0159icet let, je v\u00fdrobcem such\u00fdch maltov\u00fdch sm\u011bs\u00ed a stavebn\u00ed chemie.","email":"info@premixservis.cz","telephone":"+420 603 418 267","legalName":"PREMIX servis, spol. s r.o.","foundingDate":"1996-01-24","vatID":"CZ64946096","taxID":"64946096","numberOfEmployees":{"@type":"QuantitativeValue","minValue":"1","maxValue":"10"}}]}},"_links":{"self":[{"href":"https:\/\/valucem.cz\/en\/wp-json\/wp\/v2\/pages\/11","targetHints":{"allow":["GET"]}}],"collection":[{"href":"https:\/\/valucem.cz\/en\/wp-json\/wp\/v2\/pages"}],"about":[{"href":"https:\/\/valucem.cz\/en\/wp-json\/wp\/v2\/types\/page"}],"author":[{"embeddable":true,"href":"https:\/\/valucem.cz\/en\/wp-json\/wp\/v2\/users\/1"}],"replies":[{"embeddable":true,"href":"https:\/\/valucem.cz\/en\/wp-json\/wp\/v2\/comments?post=11"}],"version-history":[{"count":7,"href":"https:\/\/valucem.cz\/en\/wp-json\/wp\/v2\/pages\/11\/revisions"}],"predecessor-version":[{"id":250,"href":"https:\/\/valucem.cz\/en\/wp-json\/wp\/v2\/pages\/11\/revisions\/250"}],"wp:attachment":[{"href":"https:\/\/valucem.cz\/en\/wp-json\/wp\/v2\/media?parent=11"}],"curies":[{"name":"wp","href":"https:\/\/api.w.org\/{rel}","templated":true}]}}