{"id":9,"date":"2023-04-10T13:21:10","date_gmt":"2023-04-10T11:21:10","guid":{"rendered":"https:\/\/valucem.cz\/?page_id=9"},"modified":"2026-04-08T12:57:57","modified_gmt":"2026-04-08T10:57:57","slug":"kontakty","status":"publish","type":"page","link":"https:\/\/valucem.cz\/en\/kontakty\/","title":{"rendered":"Kontakty"},"content":{"rendered":"<p><strong>PREMIX servis,&nbsp;spol.&nbsp;s.r.o.<\/strong><br>S\u00eddlo: Evropsk\u00e1 516\/10 | 160&nbsp;00 Praha&nbsp;6 &#8211; Dejvice<br>Provozovna: M\u011blnick\u00e1&nbsp;1\/110 | 277&nbsp;11&nbsp;Libi\u0161<br>I\u010cP: 1015367381<br>I\u010c: 64946096 | DI\u010c: CZ64946096<\/p>\n\n\n\n<p>Spisov\u00e1 zna\u010dka:<br>C 42835 veden\u00e1 u M\u011bstsk\u00e9ho soudu v Praze<\/p>\n\n\n\n<p><strong><a href=\"https:\/\/www.premixservis.cz\/prohlaseni-o-ochraneosobnich-udaju\/\">Ochrana osobn\u00edch \u00fadaj\u016f<\/a><\/strong><\/p>\n\n\n\n<p><strong><a href=\"https:\/\/www.premixservis.cz\/vseobecne-obchodni-podminkypro-prodej-stavebniho-materialu\/\">Obchodn\u00ed podm\u00ednky<\/a>&nbsp;|&nbsp;<a href=\"https:\/\/www.premixservis.cz\/\">Cookies<\/a><\/strong><\/p>\n\n\n\n<figure class=\"wp-block-image\"><a href=\"https:\/\/www.instagram.com\/premix_servis\/\" target=\"_blank\" rel=\"noreferrer noopener\"><img decoding=\"async\" src=\"https:\/\/www.premixservis.cz\/img\/instagram-logo.png\" alt=\"Instagram icon\" class=\"img-fluid\"\/><\/a><\/figure>\n\n\n\n<figure class=\"wp-block-image\"><a href=\"https:\/\/www.facebook.com\/p\/Premix-servis-61550592494404\/\" target=\"_blank\" rel=\"noreferrer noopener\"><img decoding=\"async\" src=\"https:\/\/www.premixservis.cz\/img\/facebook-logo.png\" alt=\"Facebook icon\" class=\"img-fluid\"\/><\/a><\/figure>\n\n\n\n<p><strong>Pot\u0159ebujete pomoct?<\/strong><br><a href=\"tel: 420 603 418 267\">+420 603 418 267<\/a><br><a href=\"mailto:info@premixservis.cz\">info@premixservis.cz<\/a><\/p>","protected":false},"excerpt":{"rendered":"<p>PREMIX servis,&nbsp;spol.&nbsp;s.r.o.S\u00eddlo: Evropsk\u00e1 516\/10 | 160&nbsp;00 Praha&nbsp;6 &#8211; DejviceProvozovna: M\u011blnick\u00e1&nbsp;1\/110 | 277&nbsp;11&nbsp;Libi\u0161I\u010cP: 1015367381I\u010c: 64946096 | DI\u010c:&#8230;<\/p>","protected":false},"author":1,"featured_media":0,"parent":0,"menu_order":0,"comment_status":"closed","ping_status":"closed","template":"","meta":{"_acf_changed":false,"footnotes":""},"class_list":["post-9","page","type-page","status-publish","hentry","no-thumbnail"],"acf":[],"yoast_head":"<!-- This site is optimized with the Yoast SEO Premium plugin v27.2 (Yoast SEO v27.2) - https:\/\/yoast.com\/product\/yoast-seo-premium-wordpress\/ -->\n<title>Kontakty - Valucem %<\/title>\n<meta name=\"description\" content=\"Valucem je obchodn\u00ed n\u00e1zev unik\u00e1tn\u00edho vysokohodnotn\u00e9ho betonu ozna\u010dovan\u00e9ho jako UHPC tj. Ultra High Performance Concrete.\" \/>\n<meta name=\"robots\" content=\"index, follow, max-snippet:-1, max-image-preview:large, max-video-preview:-1\" \/>\n<link rel=\"canonical\" href=\"https:\/\/valucem.cz\/en\/kontakty\/\" \/>\n<meta property=\"og:locale\" content=\"en_US\" \/>\n<meta property=\"og:type\" content=\"article\" \/>\n<meta property=\"og:title\" content=\"Kontakty\" \/>\n<meta property=\"og:description\" content=\"Kontakty Valucem\" \/>\n<meta property=\"og:url\" content=\"https:\/\/valucem.cz\/en\/kontakty\/\" \/>\n<meta property=\"og:site_name\" content=\"Valucem\" \/>\n<meta property=\"article:publisher\" content=\"https:\/\/www.facebook.com\/people\/Premix-servis\/61550592494404\/\" \/>\n<meta property=\"article:modified_time\" content=\"2026-04-08T10:57:57+00:00\" \/>\n<meta property=\"og:image\" content=\"https:\/\/www.premixservis.cz\/img\/instagram-logo.png\" \/>\n<meta name=\"twitter:card\" content=\"summary_large_image\" \/>\n<meta name=\"twitter:label1\" content=\"Est. reading time\" \/>\n\t<meta name=\"twitter:data1\" content=\"1 minute\" \/>\n<script type=\"application\/ld+json\" class=\"yoast-schema-graph\">{\"@context\":\"https:\/\/schema.org\",\"@graph\":[{\"@type\":\"WebPage\",\"@id\":\"https:\/\/valucem.cz\/kontakty\/\",\"url\":\"https:\/\/valucem.cz\/kontakty\/\",\"name\":\"Kontakty - Valucem %\",\"isPartOf\":{\"@id\":\"https:\/\/valucem.cz\/#website\"},\"primaryImageOfPage\":{\"@id\":\"https:\/\/valucem.cz\/kontakty\/#primaryimage\"},\"image\":{\"@id\":\"https:\/\/valucem.cz\/kontakty\/#primaryimage\"},\"thumbnailUrl\":\"https:\/\/www.premixservis.cz\/img\/instagram-logo.png\",\"datePublished\":\"2023-04-10T11:21:10+00:00\",\"dateModified\":\"2026-04-08T10:57:57+00:00\",\"description\":\"Valucem je obchodn\u00ed n\u00e1zev unik\u00e1tn\u00edho vysokohodnotn\u00e9ho betonu ozna\u010dovan\u00e9ho jako UHPC tj. Ultra High Performance Concrete.\",\"breadcrumb\":{\"@id\":\"https:\/\/valucem.cz\/kontakty\/#breadcrumb\"},\"inLanguage\":\"en-US\",\"potentialAction\":[{\"@type\":\"ReadAction\",\"target\":[\"https:\/\/valucem.cz\/kontakty\/\"]}]},{\"@type\":\"ImageObject\",\"inLanguage\":\"en-US\",\"@id\":\"https:\/\/valucem.cz\/kontakty\/#primaryimage\",\"url\":\"https:\/\/www.premixservis.cz\/img\/instagram-logo.png\",\"contentUrl\":\"https:\/\/www.premixservis.cz\/img\/instagram-logo.png\"},{\"@type\":\"BreadcrumbList\",\"@id\":\"https:\/\/valucem.cz\/kontakty\/#breadcrumb\",\"itemListElement\":[{\"@type\":\"ListItem\",\"position\":1,\"name\":\"Dom\u016f\",\"item\":\"https:\/\/valucem.cz\/\"},{\"@type\":\"ListItem\",\"position\":2,\"name\":\"Kontakty\"}]},{\"@type\":\"WebSite\",\"@id\":\"https:\/\/valucem.cz\/#website\",\"url\":\"https:\/\/valucem.cz\/\",\"name\":\"Valucem\",\"description\":\"Unik\u00e1tn\u00ed vysokohodnotn\u00fd betonu UHPC - Ultra High Performance Concrete | Valucem\",\"publisher\":{\"@id\":\"https:\/\/valucem.cz\/#organization\"},\"alternateName\":\"Valucem\",\"potentialAction\":[{\"@type\":\"SearchAction\",\"target\":{\"@type\":\"EntryPoint\",\"urlTemplate\":\"https:\/\/valucem.cz\/?s={search_term_string}\"},\"query-input\":{\"@type\":\"PropertyValueSpecification\",\"valueRequired\":true,\"valueName\":\"search_term_string\"}}],\"inLanguage\":\"en-US\"},{\"@type\":\"Organization\",\"@id\":\"https:\/\/valucem.cz\/#organization\",\"name\":\"PREMIX servis, spol. s r.o.\",\"url\":\"https:\/\/valucem.cz\/\",\"logo\":{\"@type\":\"ImageObject\",\"inLanguage\":\"en-US\",\"@id\":\"https:\/\/valucem.cz\/#\/schema\/logo\/image\/\",\"url\":\"https:\/\/valucem.cz\/wp-content\/uploads\/2026\/03\/Snimek-obrazovky-2025-04-08-115655.png\",\"contentUrl\":\"https:\/\/valucem.cz\/wp-content\/uploads\/2026\/03\/Snimek-obrazovky-2025-04-08-115655.png\",\"width\":266,\"height\":241,\"caption\":\"PREMIX servis, spol. s r.o.\"},\"image\":{\"@id\":\"https:\/\/valucem.cz\/#\/schema\/logo\/image\/\"},\"sameAs\":[\"https:\/\/www.facebook.com\/people\/Premix-servis\/61550592494404\/\",\"https:\/\/www.instagram.com\/premix_servis\/\",\"https:\/\/www.linkedin.com\/company\/premix-servis\/\"],\"description\":\"Spole\u010dnost PREMIX servis, kter\u00e1 na \u010desk\u00e9m trhu p\u016fsob\u00ed skoro t\u0159icet let, je v\u00fdrobcem such\u00fdch maltov\u00fdch sm\u011bs\u00ed a stavebn\u00ed chemie.\",\"email\":\"info@premixservis.cz\",\"telephone\":\"+420 603 418 267\",\"legalName\":\"PREMIX servis, spol. s r.o.\",\"foundingDate\":\"1996-01-24\",\"vatID\":\"CZ64946096\",\"taxID\":\"64946096\",\"numberOfEmployees\":{\"@type\":\"QuantitativeValue\",\"minValue\":\"1\",\"maxValue\":\"10\"}}]}<\/script>\n<!-- \/ Yoast SEO Premium plugin. -->","yoast_head_json":{"title":"Kontakty - Valucem %","description":"Valucem je obchodn\u00ed n\u00e1zev unik\u00e1tn\u00edho vysokohodnotn\u00e9ho betonu ozna\u010dovan\u00e9ho jako UHPC tj. Ultra High Performance Concrete.","robots":{"index":"index","follow":"follow","max-snippet":"max-snippet:-1","max-image-preview":"max-image-preview:large","max-video-preview":"max-video-preview:-1"},"canonical":"https:\/\/valucem.cz\/en\/kontakty\/","og_locale":"en_US","og_type":"article","og_title":"Kontakty","og_description":"Kontakty Valucem","og_url":"https:\/\/valucem.cz\/en\/kontakty\/","og_site_name":"Valucem","article_publisher":"https:\/\/www.facebook.com\/people\/Premix-servis\/61550592494404\/","article_modified_time":"2026-04-08T10:57:57+00:00","og_image":[{"url":"https:\/\/www.premixservis.cz\/img\/instagram-logo.png","type":"","width":"","height":""}],"twitter_card":"summary_large_image","twitter_misc":{"Est. reading time":"1 minute"},"schema":{"@context":"https:\/\/schema.org","@graph":[{"@type":"WebPage","@id":"https:\/\/valucem.cz\/kontakty\/","url":"https:\/\/valucem.cz\/kontakty\/","name":"Kontakty - Valucem %","isPartOf":{"@id":"https:\/\/valucem.cz\/#website"},"primaryImageOfPage":{"@id":"https:\/\/valucem.cz\/kontakty\/#primaryimage"},"image":{"@id":"https:\/\/valucem.cz\/kontakty\/#primaryimage"},"thumbnailUrl":"https:\/\/www.premixservis.cz\/img\/instagram-logo.png","datePublished":"2023-04-10T11:21:10+00:00","dateModified":"2026-04-08T10:57:57+00:00","description":"Valucem je obchodn\u00ed n\u00e1zev unik\u00e1tn\u00edho vysokohodnotn\u00e9ho betonu ozna\u010dovan\u00e9ho jako UHPC tj. Ultra High Performance Concrete.","breadcrumb":{"@id":"https:\/\/valucem.cz\/kontakty\/#breadcrumb"},"inLanguage":"en-US","potentialAction":[{"@type":"ReadAction","target":["https:\/\/valucem.cz\/kontakty\/"]}]},{"@type":"ImageObject","inLanguage":"en-US","@id":"https:\/\/valucem.cz\/kontakty\/#primaryimage","url":"https:\/\/www.premixservis.cz\/img\/instagram-logo.png","contentUrl":"https:\/\/www.premixservis.cz\/img\/instagram-logo.png"},{"@type":"BreadcrumbList","@id":"https:\/\/valucem.cz\/kontakty\/#breadcrumb","itemListElement":[{"@type":"ListItem","position":1,"name":"Dom\u016f","item":"https:\/\/valucem.cz\/"},{"@type":"ListItem","position":2,"name":"Kontakty"}]},{"@type":"WebSite","@id":"https:\/\/valucem.cz\/#website","url":"https:\/\/valucem.cz\/","name":"Valucem","description":"Unik\u00e1tn\u00ed vysokohodnotn\u00fd betonu UHPC - Ultra High Performance Concrete | Valucem","publisher":{"@id":"https:\/\/valucem.cz\/#organization"},"alternateName":"Valucem","potentialAction":[{"@type":"SearchAction","target":{"@type":"EntryPoint","urlTemplate":"https:\/\/valucem.cz\/?s={search_term_string}"},"query-input":{"@type":"PropertyValueSpecification","valueRequired":true,"valueName":"search_term_string"}}],"inLanguage":"en-US"},{"@type":"Organization","@id":"https:\/\/valucem.cz\/#organization","name":"PREMIX servis, spol. s r.o.","url":"https:\/\/valucem.cz\/","logo":{"@type":"ImageObject","inLanguage":"en-US","@id":"https:\/\/valucem.cz\/#\/schema\/logo\/image\/","url":"https:\/\/valucem.cz\/wp-content\/uploads\/2026\/03\/Snimek-obrazovky-2025-04-08-115655.png","contentUrl":"https:\/\/valucem.cz\/wp-content\/uploads\/2026\/03\/Snimek-obrazovky-2025-04-08-115655.png","width":266,"height":241,"caption":"PREMIX servis, spol. s r.o."},"image":{"@id":"https:\/\/valucem.cz\/#\/schema\/logo\/image\/"},"sameAs":["https:\/\/www.facebook.com\/people\/Premix-servis\/61550592494404\/","https:\/\/www.instagram.com\/premix_servis\/","https:\/\/www.linkedin.com\/company\/premix-servis\/"],"description":"Spole\u010dnost PREMIX servis, kter\u00e1 na \u010desk\u00e9m trhu p\u016fsob\u00ed skoro t\u0159icet let, je v\u00fdrobcem such\u00fdch maltov\u00fdch sm\u011bs\u00ed a stavebn\u00ed chemie.","email":"info@premixservis.cz","telephone":"+420 603 418 267","legalName":"PREMIX servis, spol. s r.o.","foundingDate":"1996-01-24","vatID":"CZ64946096","taxID":"64946096","numberOfEmployees":{"@type":"QuantitativeValue","minValue":"1","maxValue":"10"}}]}},"_links":{"self":[{"href":"https:\/\/valucem.cz\/en\/wp-json\/wp\/v2\/pages\/9","targetHints":{"allow":["GET"]}}],"collection":[{"href":"https:\/\/valucem.cz\/en\/wp-json\/wp\/v2\/pages"}],"about":[{"href":"https:\/\/valucem.cz\/en\/wp-json\/wp\/v2\/types\/page"}],"author":[{"embeddable":true,"href":"https:\/\/valucem.cz\/en\/wp-json\/wp\/v2\/users\/1"}],"replies":[{"embeddable":true,"href":"https:\/\/valucem.cz\/en\/wp-json\/wp\/v2\/comments?post=9"}],"version-history":[{"count":2,"href":"https:\/\/valucem.cz\/en\/wp-json\/wp\/v2\/pages\/9\/revisions"}],"predecessor-version":[{"id":253,"href":"https:\/\/valucem.cz\/en\/wp-json\/wp\/v2\/pages\/9\/revisions\/253"}],"wp:attachment":[{"href":"https:\/\/valucem.cz\/en\/wp-json\/wp\/v2\/media?parent=9"}],"curies":[{"name":"wp","href":"https:\/\/api.w.org\/{rel}","templated":true}]}}